{"id":103,"date":"2012-05-07T00:43:20","date_gmt":"2012-05-07T00:43:20","guid":{"rendered":"http:\/\/redlovehunters.net\/?page_id=103"},"modified":"2013-04-15T20:58:46","modified_gmt":"2013-04-15T20:58:46","slug":"tiedot","status":"publish","type":"page","link":"http:\/\/redlovehunters.net\/?page_id=103","title":{"rendered":"C-pennut: s. 26.4.2012, 4 u. + 4 n."},"content":{"rendered":"<p lang=\"fi-FI\">\u00a0C- PENTUE<\/p>\n<p lang=\"fi-FI\">Red Lovehunter`s Bella Bambino \u2013 Mila<\/p>\n<p lang=\"fi-FI\">Lonkat:A\/A, kyyn\u00e4r\u00e4t 0\/0, CLAD-vapaa, ei todettu perinn\u00f6llisi\u00e4 silm\u00e4sairauksia, PRARCD4 terve. N\u00e4yttelyist\u00e4 3 serti\u00e4, ROP ja VSP-sijoituksia. Mila on terverakenteinen ja upea luonteinen narttu.<\/p>\n<p lang=\"fi-FI\"><a href=\"http:\/\/redlovehunters.net\/wp-content\/uploads\/2012\/05\/albert-ja-pirjo-067.jpg\"><img loading=\"lazy\" decoding=\"async\" class=\"alignnone size-medium wp-image-107\" title=\"Mila\" src=\"http:\/\/redlovehunters.net\/wp-content\/uploads\/2012\/05\/albert-ja-pirjo-067-300x168.jpg\" alt=\"Mila\" width=\"300\" height=\"168\" srcset=\"http:\/\/redlovehunters.net\/wp-content\/uploads\/2012\/05\/albert-ja-pirjo-067-300x168.jpg 300w, http:\/\/redlovehunters.net\/wp-content\/uploads\/2012\/05\/albert-ja-pirjo-067-1024x576.jpg 1024w\" sizes=\"auto, (max-width: 300px) 100vw, 300px\" \/><\/a><\/p>\n<p lang=\"fi-FI\"><a href=\"http:\/\/redlovehunters.net\/wp-content\/uploads\/2012\/05\/albert-ja-pirjo-070.jpg\"><img loading=\"lazy\" decoding=\"async\" class=\"alignnone size-medium wp-image-108\" title=\"Mila\" src=\"http:\/\/redlovehunters.net\/wp-content\/uploads\/2012\/05\/albert-ja-pirjo-070-300x168.jpg\" alt=\"Mila\" width=\"300\" height=\"168\" srcset=\"http:\/\/redlovehunters.net\/wp-content\/uploads\/2012\/05\/albert-ja-pirjo-070-300x168.jpg 300w, http:\/\/redlovehunters.net\/wp-content\/uploads\/2012\/05\/albert-ja-pirjo-070-1024x576.jpg 1024w\" sizes=\"auto, (max-width: 300px) 100vw, 300px\" \/><\/a><\/p>\n<p lang=\"fi-FI\">C.I.E BY MVA EE JMVA UA MVA BALTJV-09 EEJV-09 Tatterslee Legend \u2013 Paddington<\/p>\n<p lang=\"fi-FI\">Lonkat;A\/A, kyyn\u00e4r\u00e4t 0\/0, CLAD-vapaa, selk\u00e4kuvaus hetkell\u00e4 terve, PRARCD1 ja RCD4 terve. Paddington on hienosti menestynyt n\u00e4yttelyss\u00e4 ja tyylik\u00e4s uros, joka sopii tyypilt\u00e4\u00e4n loistavasti Milalle.<\/p>\n<p lang=\"fi-FI\"><a href=\"http:\/\/redlovehunters.net\/wp-content\/uploads\/2012\/05\/paddington.jpg\"><img loading=\"lazy\" decoding=\"async\" class=\"alignnone size-medium wp-image-109\" title=\"Paddington\" src=\"http:\/\/redlovehunters.net\/wp-content\/uploads\/2012\/05\/paddington-300x195.jpg\" alt=\"\" width=\"300\" height=\"195\" srcset=\"http:\/\/redlovehunters.net\/wp-content\/uploads\/2012\/05\/paddington-300x195.jpg 300w, http:\/\/redlovehunters.net\/wp-content\/uploads\/2012\/05\/paddington-1024x667.jpg 1024w, http:\/\/redlovehunters.net\/wp-content\/uploads\/2012\/05\/paddington.jpg 1134w\" sizes=\"auto, (max-width: 300px) 100vw, 300px\" \/><\/a><\/p>\n<p lang=\"fi-FI\"><a href=\"http:\/\/redlovehunters.net\/wp-content\/uploads\/2012\/05\/paddington2.jpg\"><img loading=\"lazy\" decoding=\"async\" class=\"alignnone size-medium wp-image-110\" title=\"Paddington\" src=\"http:\/\/redlovehunters.net\/wp-content\/uploads\/2012\/05\/paddington2-200x300.jpg\" alt=\"Paddington\" width=\"200\" height=\"300\" srcset=\"http:\/\/redlovehunters.net\/wp-content\/uploads\/2012\/05\/paddington2-200x300.jpg 200w, http:\/\/redlovehunters.net\/wp-content\/uploads\/2012\/05\/paddington2-682x1024.jpg 682w, http:\/\/redlovehunters.net\/wp-content\/uploads\/2012\/05\/paddington2.jpg 945w\" sizes=\"auto, (max-width: 200px) 100vw, 200px\" \/><\/a><\/p>\n","protected":false},"excerpt":{"rendered":"<p>\u00a0C- PENTUE Red Lovehunter`s Bella Bambino \u2013 Mila Lonkat:A\/A, kyyn\u00e4r\u00e4t 0\/0, CLAD-vapaa, ei todettu perinn\u00f6llisi\u00e4 silm\u00e4sairauksia, PRARCD4 terve. N\u00e4yttelyist\u00e4 3 serti\u00e4, ROP ja VSP-sijoituksia. Mila on terverakenteinen ja upea luonteinen narttu. C.I.E BY MVA EE JMVA UA MVA BALTJV-09 EEJV-09 Tatterslee Legend \u2013 Paddington Lonkat;A\/A, kyyn\u00e4r\u00e4t 0\/0, CLAD-vapaa, selk\u00e4kuvaus hetkell\u00e4 terve, PRARCD1 ja RCD4 terve. [&hellip;]<\/p>\n","protected":false},"author":1,"featured_media":0,"parent":4,"menu_order":0,"comment_status":"closed","ping_status":"closed","template":"","meta":{"footnotes":""},"class_list":["post-103","page","type-page","status-publish","hentry"],"_links":{"self":[{"href":"http:\/\/redlovehunters.net\/index.php?rest_route=\/wp\/v2\/pages\/103","targetHints":{"allow":["GET"]}}],"collection":[{"href":"http:\/\/redlovehunters.net\/index.php?rest_route=\/wp\/v2\/pages"}],"about":[{"href":"http:\/\/redlovehunters.net\/index.php?rest_route=\/wp\/v2\/types\/page"}],"author":[{"embeddable":true,"href":"http:\/\/redlovehunters.net\/index.php?rest_route=\/wp\/v2\/users\/1"}],"replies":[{"embeddable":true,"href":"http:\/\/redlovehunters.net\/index.php?rest_route=%2Fwp%2Fv2%2Fcomments&post=103"}],"version-history":[{"count":6,"href":"http:\/\/redlovehunters.net\/index.php?rest_route=\/wp\/v2\/pages\/103\/revisions"}],"predecessor-version":[{"id":301,"href":"http:\/\/redlovehunters.net\/index.php?rest_route=\/wp\/v2\/pages\/103\/revisions\/301"}],"up":[{"embeddable":true,"href":"http:\/\/redlovehunters.net\/index.php?rest_route=\/wp\/v2\/pages\/4"}],"wp:attachment":[{"href":"http:\/\/redlovehunters.net\/index.php?rest_route=%2Fwp%2Fv2%2Fmedia&parent=103"}],"curies":[{"name":"wp","href":"https:\/\/api.w.org\/{rel}","templated":true}]}}