{"id":119,"date":"2012-05-07T06:41:10","date_gmt":"2012-05-07T06:41:10","guid":{"rendered":"http:\/\/redlovehunters.net\/?page_id=119"},"modified":"2012-05-07T06:41:10","modified_gmt":"2012-05-07T06:41:10","slug":"be-dyfays-forever-fore","status":"publish","type":"page","link":"http:\/\/redlovehunters.net\/?page_id=119","title":{"rendered":"Be DyFay`s Forever \u201d Fore\u201d"},"content":{"rendered":"<p lang=\"sv-SE\"><span style=\"font-family: Arial, sans-serif;\">Voittaja v.90 Be DyFay`s Forever \u201d Fore\u201d. s.5.1.1990- 21.7.1998<\/span><\/p>\n<p lang=\"sv-SE\"><span style=\"font-family: Arial, sans-serif;\">Koiran is\u00e4: Bonbons Irish Black Bird.\u00a0<\/span><span style=\"font-family: Arial, sans-serif;\">Em\u00e4; Redseeker Bessie<\/span><\/p>\n<p lang=\"sv-SE\"><span style=\"font-family: Arial, sans-serif;\">Koiralla useita sertej\u00e4, cacibbeja ja Rop.sijoituksia. Harrastin koiran kanssa my\u00f6s agility\u00e4. P\u00e4\u00e4simme 2.luokkaan asti. Kuljimme paljon mets\u00e4lenkeill\u00e4.\u00a0<\/span><\/p>\n","protected":false},"excerpt":{"rendered":"<p>Voittaja v.90 Be DyFay`s Forever \u201d Fore\u201d. s.5.1.1990- 21.7.1998 Koiran is\u00e4: Bonbons Irish Black Bird.\u00a0Em\u00e4; Redseeker Bessie Koiralla useita sertej\u00e4, cacibbeja ja Rop.sijoituksia. Harrastin koiran kanssa my\u00f6s agility\u00e4. P\u00e4\u00e4simme 2.luokkaan asti. Kuljimme paljon mets\u00e4lenkeill\u00e4.\u00a0<\/p>\n","protected":false},"author":1,"featured_media":0,"parent":22,"menu_order":0,"comment_status":"open","ping_status":"open","template":"","meta":{"footnotes":""},"class_list":["post-119","page","type-page","status-publish","hentry"],"_links":{"self":[{"href":"http:\/\/redlovehunters.net\/index.php?rest_route=\/wp\/v2\/pages\/119","targetHints":{"allow":["GET"]}}],"collection":[{"href":"http:\/\/redlovehunters.net\/index.php?rest_route=\/wp\/v2\/pages"}],"about":[{"href":"http:\/\/redlovehunters.net\/index.php?rest_route=\/wp\/v2\/types\/page"}],"author":[{"embeddable":true,"href":"http:\/\/redlovehunters.net\/index.php?rest_route=\/wp\/v2\/users\/1"}],"replies":[{"embeddable":true,"href":"http:\/\/redlovehunters.net\/index.php?rest_route=%2Fwp%2Fv2%2Fcomments&post=119"}],"version-history":[{"count":1,"href":"http:\/\/redlovehunters.net\/index.php?rest_route=\/wp\/v2\/pages\/119\/revisions"}],"predecessor-version":[{"id":120,"href":"http:\/\/redlovehunters.net\/index.php?rest_route=\/wp\/v2\/pages\/119\/revisions\/120"}],"up":[{"embeddable":true,"href":"http:\/\/redlovehunters.net\/index.php?rest_route=\/wp\/v2\/pages\/22"}],"wp:attachment":[{"href":"http:\/\/redlovehunters.net\/index.php?rest_route=%2Fwp%2Fv2%2Fmedia&parent=119"}],"curies":[{"name":"wp","href":"https:\/\/api.w.org\/{rel}","templated":true}]}}