{"id":127,"date":"2012-05-07T06:45:14","date_gmt":"2012-05-07T06:45:14","guid":{"rendered":"http:\/\/redlovehunters.net\/?page_id=127"},"modified":"2012-05-07T06:45:14","modified_gmt":"2012-05-07T06:45:14","slug":"red-lovehunters-anastacia-alli","status":"publish","type":"page","link":"http:\/\/redlovehunters.net\/?page_id=127","title":{"rendered":"RED LOVEHUNTER`S ANASTACIA \u201dALLI\u201d"},"content":{"rendered":"<p lang=\"en-GB\"><span style=\"font-family: Arial, sans-serif;\"><strong>RED LOVEHUNTER`S ANASTACIA \u201dALLI\u201d<\/strong><\/span><\/p>\n<p lang=\"en-GB\">\u00a0<span style=\"font-family: Arial, sans-serif;\">syntynyt: 4.6.2004<\/span><\/p>\n<p lang=\"fi-FI\"><span style=\"font-family: Arial, sans-serif;\">Lonkat A\/A<\/span><\/p>\n<p lang=\"fi-FI\"><span style=\"font-family: Arial, sans-serif;\">Clad vapaa <\/span><\/p>\n<p lang=\"fi-FI\"><span style=\"font-family: Arial, sans-serif;\">N\u00e4yttelyst\u00e4; 3 serti\u00e4, Rop ja VSP-sijoituksia, Cacib. <\/span><\/p>\n<p lang=\"fi-FI\"><span style=\"font-family: Arial, sans-serif;\">Koira on osallistunut kultamaljaan. <\/span><\/p>\n<p lang=\"fi-FI\">\n<p lang=\"fi-FI\">\u00a0<span style=\"font-family: Arial, sans-serif;\">Omistaja: P\u00e4ivi Lassila, Oulu<\/span><\/p>\n<p lang=\"fi-FI\"><span style=\"font-family: Arial, sans-serif;\">Kasvattaja: Pirjo Hinkkanen<\/span><\/p>\n<p lang=\"fi-FI\">\n<p lang=\"fi-FI\"><span style=\"font-family: Arial, sans-serif;\">Alli on luonteeltaan energinen, herkk\u00e4 ja omaa my\u00f6s setterin itsep\u00e4isyyden. Alli kehittyi hitaasti kuin em\u00e4ns\u00e4kin. Alli asuu siskoni P\u00e4ivin kanssa Oulussa, mutta koira k\u00e4y usein meill\u00e4 kyl\u00e4ss\u00e4<\/span><span><span style=\"font-family: Wingdings;\">.<\/span><\/span><span style=\"font-family: Arial, sans-serif;\">\u00a0Allilla syntyy meid\u00e4n kenneliin toiset pennut kes\u00e4ll\u00e4 2008. Allin pennut ovat mielest\u00e4ni tosi kauniita ja tasaisia.<\/span><\/p>\n<p lang=\"fi-FI\">\n","protected":false},"excerpt":{"rendered":"<p>RED LOVEHUNTER`S ANASTACIA \u201dALLI\u201d \u00a0syntynyt: 4.6.2004 Lonkat A\/A Clad vapaa N\u00e4yttelyst\u00e4; 3 serti\u00e4, Rop ja VSP-sijoituksia, Cacib. Koira on osallistunut kultamaljaan. \u00a0Omistaja: P\u00e4ivi Lassila, Oulu Kasvattaja: Pirjo Hinkkanen Alli on luonteeltaan energinen, herkk\u00e4 ja omaa my\u00f6s setterin itsep\u00e4isyyden. Alli kehittyi hitaasti kuin em\u00e4ns\u00e4kin. Alli asuu siskoni P\u00e4ivin kanssa Oulussa, mutta koira k\u00e4y usein meill\u00e4 kyl\u00e4ss\u00e4.\u00a0Allilla [&hellip;]<\/p>\n","protected":false},"author":1,"featured_media":0,"parent":22,"menu_order":0,"comment_status":"closed","ping_status":"closed","template":"","meta":{"footnotes":""},"class_list":["post-127","page","type-page","status-publish","hentry"],"_links":{"self":[{"href":"http:\/\/redlovehunters.net\/index.php?rest_route=\/wp\/v2\/pages\/127","targetHints":{"allow":["GET"]}}],"collection":[{"href":"http:\/\/redlovehunters.net\/index.php?rest_route=\/wp\/v2\/pages"}],"about":[{"href":"http:\/\/redlovehunters.net\/index.php?rest_route=\/wp\/v2\/types\/page"}],"author":[{"embeddable":true,"href":"http:\/\/redlovehunters.net\/index.php?rest_route=\/wp\/v2\/users\/1"}],"replies":[{"embeddable":true,"href":"http:\/\/redlovehunters.net\/index.php?rest_route=%2Fwp%2Fv2%2Fcomments&post=127"}],"version-history":[{"count":1,"href":"http:\/\/redlovehunters.net\/index.php?rest_route=\/wp\/v2\/pages\/127\/revisions"}],"predecessor-version":[{"id":128,"href":"http:\/\/redlovehunters.net\/index.php?rest_route=\/wp\/v2\/pages\/127\/revisions\/128"}],"up":[{"embeddable":true,"href":"http:\/\/redlovehunters.net\/index.php?rest_route=\/wp\/v2\/pages\/22"}],"wp:attachment":[{"href":"http:\/\/redlovehunters.net\/index.php?rest_route=%2Fwp%2Fv2%2Fmedia&parent=127"}],"curies":[{"name":"wp","href":"https:\/\/api.w.org\/{rel}","templated":true}]}}