{"id":129,"date":"2012-05-07T06:46:19","date_gmt":"2012-05-07T06:46:19","guid":{"rendered":"http:\/\/redlovehunters.net\/?page_id=129"},"modified":"2012-05-07T06:46:19","modified_gmt":"2012-05-07T06:46:19","slug":"moorfairys-must-be-mystery-lordi","status":"publish","type":"page","link":"https:\/\/redlovehunters.net\/?page_id=129","title":{"rendered":"MOORFAIRY`S MUST BE MYSTERY \u201c LORDI\u201d"},"content":{"rendered":"<p lang=\"en-GB\"><span style=\"font-family: Arial, sans-serif;\"><strong>MOORFAIRY`S MUST BE MYSTERY \u201c LORDI\u201d<\/strong><\/span><\/p>\n<p lang=\"fi-FI\"><span style=\"font-family: Arial, sans-serif;\">syntynyt 6.4.2006<\/span><\/p>\n<p lang=\"fi-FI\"><span style=\"font-family: Arial, sans-serif;\">Huonot lonkat C\/D, Kyyn\u00e4r\u00e4t 0\/0<\/span><\/p>\n<p lang=\"fi-FI\"><span style=\"font-family: Arial, sans-serif;\">Clad vapaa<\/span><\/p>\n<p lang=\"fi-FI\"><span style=\"font-family: Arial, sans-serif;\">Omistaja: Pirjo Lassila &amp; JP Hinkkanen<\/span><\/p>\n<p lang=\"fi-FI\"><span style=\"font-family: Arial, sans-serif;\">Kasvattaja: Paula Karila<\/span><\/p>\n<p lang=\"fi-FI\"><span><span style=\"font-family: Arial, sans-serif;\">Lordi on Albertin poika. Yhdistelm\u00e4 on mielenkiintoinen, koska Lordin em\u00e4 Gemway`s Birdie Baby eli Peppi on puoleksi niin sanottu k\u00e4ytt\u00f6linjalainen. Pepin takaa l\u00f6ytyy Marin FIN MVA koira BeDyFay`s Fay sek\u00e4 is\u00e4n puolelta Norjan muotovalio koira my\u00f6s. Lordin em\u00e4 on kuitenkin iso ja vankkaluustoinen, joten sielt\u00e4 Lordikin on perinnyt luuston vahvuutta. Peppi on mets\u00e4ss\u00e4 kova menij\u00e4 ja nelj\u00e4ss\u00e4 n\u00e4yttelyss\u00e4 k\u00e4ydess\u00e4\u00e4n koira sai kolme serti\u00e4. Hieno saavutus<\/span><span style=\"font-family: Wingdings;\">\uf04a<\/span><span style=\"font-family: Arial, sans-serif;\"> Paulan pennuissa on sit\u00e4 90-luvun perussetterityyppi\u00e4, jota olen kovasti kaivannut. Lordi on luonteeltaan kuin em\u00e4ns\u00e4; iloinen, seurallinen, kekseli\u00e4s ja eritt\u00e4in aktiivinen. Valitettavasti koiran lonkat ovat huonot, mutta muuten koira on mahtava. Juuri semmoinen haastava ja temperamenttinen setteri uros, jolla on luonnetta ja kyky\u00e4 mets\u00e4lle. Pitk\u00e4aikainen toiveeni toteutui, sain Albertista oman j\u00e4lkel\u00e4isen. Aika n\u00e4ytt\u00e4\u00e4 osunko yhteenk\u00e4\u00e4n lintuun? saati osaanko kouluttaa energist\u00e4 ja temperamenttista koiraa mets\u00e4lle? N\u00e4yttelyiss\u00e4kin olemme yll\u00e4tt\u00e4en k\u00e4yneet.\u00a0<\/span><span style=\"font-family: Arial, sans-serif;\">Kantap\u00e4\u00e4n kautta olen oppinut sen, ett\u00e4 koiraa kannattaa vied\u00e4 ulkomaalaisille tuomareille. Ne, kun eiv\u00e4t v\u00e4lit\u00e4 niin paljoa isosta koosta, heh\u2026No, minulla on taas setteri, joka her\u00e4tt\u00e4\u00e4 hilpeytt\u00e4 ihmisiss\u00e4 jo ulkon\u00e4\u00f6nkin puolesta<\/span><span><span style=\"font-family: Wingdings;\">.<\/span><\/span><\/span><\/p>\n<p lang=\"fi-FI\">\n<table width=\"685\" cellspacing=\"0\" cellpadding=\"7\">\n<colgroup>\n<col width=\"305\" \/>\n<col width=\"346\" \/> <\/colgroup>\n<tbody>\n<tr>\n<td colspan=\"2\" valign=\"TOP\" bgcolor=\"#d9d9d9\" width=\"665\" height=\"50\">\n<p lang=\"sv-SE\"><span style=\"font-family: Arial, sans-serif;\"><strong>REDGAZELLE ASPRILLA<\/strong><\/span><\/p>\n<p lang=\"sv-SE\"><span style=\"font-family: Arial, sans-serif;\">Fin26921\/98 B\/C<\/span><\/p>\n<\/td>\n<\/tr>\n<tr valign=\"TOP\">\n<td rowspan=\"2\" width=\"305\" height=\"35\">\n<p lang=\"en-GB\"><span style=\"font-family: Arial, sans-serif;\">Danaway Rock-A-Fella<\/span><\/p>\n<p lang=\"en-GB\"><span style=\"font-family: Arial, sans-serif;\">Fin26562\/96 B<\/span><\/p>\n<\/td>\n<td width=\"346\">\n<p lang=\"en-GB\"><span style=\"font-family: Arial, sans-serif;\">GB SH CH <\/span><\/p>\n<p lang=\"fi-FI\"><span style=\"font-family: Arial, sans-serif;\">Thendara Kennedy <\/span><\/p>\n<p lang=\"fi-FI\"><span style=\"font-family: Arial, sans-serif;\">KCSB2760CF<\/span><\/p>\n<p lang=\"fi-FI\"><span style=\"font-family: Arial, sans-serif;\">(ei kuvaustulosta)<\/span><\/p>\n<\/td>\n<\/tr>\n<tr valign=\"TOP\">\n<td width=\"346\">\n<p lang=\"en-GB\"><span style=\"font-family: Arial, sans-serif;\">Danaway Phoebe<\/span><\/p>\n<p lang=\"en-GB\"><span style=\"font-family: Arial, sans-serif;\">KCP6320401Q01<\/span><\/p>\n<p lang=\"en-GB\"><span style=\"font-family: Arial, sans-serif;\">(vas;3 &amp;oik;3)<\/span><\/p>\n<\/td>\n<\/tr>\n<tr valign=\"TOP\">\n<td rowspan=\"2\" width=\"305\" height=\"35\">\n<p lang=\"en-GB\"><span style=\"font-family: Arial, sans-serif;\">Frinan Irish Snowqueen<\/span><\/p>\n<p lang=\"en-GB\"><span style=\"font-family: Arial, sans-serif;\">Fin14869\/95 C<\/span><\/p>\n<\/td>\n<td width=\"346\">\n<p lang=\"en-GB\"><span style=\"font-family: Arial, sans-serif;\">Scarletti Italian Gigolo<\/span><\/p>\n<p lang=\"en-GB\"><span style=\"font-family: Arial, sans-serif;\">S51802\/90 C<\/span><\/p>\n<\/td>\n<\/tr>\n<tr valign=\"TOP\">\n<td width=\"346\">\n<p lang=\"en-GB\"><span style=\"font-family: Arial, sans-serif;\">Tactic`s Magic Memory<\/span><\/p>\n<p lang=\"en-GB\"><span style=\"font-family: Arial, sans-serif;\">S66469\/90 A2<\/span><\/p>\n<\/td>\n<\/tr>\n<tr>\n<td colspan=\"2\" valign=\"TOP\" bgcolor=\"#d9d9d9\" width=\"665\" height=\"44\">\n<p lang=\"en-GB\"><span style=\"font-family: Arial, sans-serif;\"><strong>GEMWAY`S BIRDIE BABY<\/strong><\/span><\/p>\n<p lang=\"en-GB\"><span style=\"font-family: Arial, sans-serif;\">Fin31199\/03 C\/B<\/span><\/p>\n<\/td>\n<\/tr>\n<tr valign=\"TOP\">\n<td rowspan=\"2\" width=\"305\" height=\"35\">\n<p lang=\"en-GB\"><span style=\"font-family: Arial, sans-serif;\">Be DyFay`s Hawk <\/span><\/p>\n<p lang=\"en-GB\"><span style=\"font-family: Arial, sans-serif;\">Fin38915\/98 A, 0<\/span><\/p>\n<\/td>\n<td width=\"346\">\n<p lang=\"en-GB\"><span style=\"font-family: Arial, sans-serif;\">S MVA<\/span><\/p>\n<p lang=\"sv-SE\"><span style=\"font-family: Arial, sans-serif;\">Nordfj\u00e4llets DB Rusige Rubin<\/span><\/p>\n<p lang=\"en-GB\"><span style=\"font-family: Arial, sans-serif;\">S43736\/92 H<\/span><\/p>\n<\/td>\n<\/tr>\n<tr valign=\"TOP\">\n<td width=\"346\">\n<p lang=\"en-GB\"><span style=\"font-family: Arial, sans-serif;\">FIN MVA V-93<\/span><\/p>\n<p lang=\"en-GB\"><span style=\"font-family: Arial, sans-serif;\">Be DyFay`s Fay<\/span><\/p>\n<p lang=\"en-GB\"><span style=\"font-family: Arial, sans-serif;\">SF0439\/90 A2<\/span><\/p>\n<\/td>\n<\/tr>\n<tr valign=\"TOP\">\n<td rowspan=\"2\" width=\"305\" height=\"32\">\n<p lang=\"en-GB\"><span style=\"font-family: Arial, sans-serif;\">Moorfairy`s Gem Of Dick<\/span><\/p>\n<p lang=\"en-GB\"><span style=\"font-family: Arial, sans-serif;\">Fin19600\/96 A<\/span><\/p>\n<\/td>\n<td width=\"346\">\n<p lang=\"en-GB\"><span style=\"font-family: Arial, sans-serif;\">List\u00e5 Dick<\/span><\/p>\n<p lang=\"en-GB\"><span style=\"font-family: Arial, sans-serif;\">SF40781\/90 A2<\/span><\/p>\n<\/td>\n<\/tr>\n<tr valign=\"TOP\">\n<td width=\"346\">\n<p lang=\"en-GB\"><span style=\"font-family: Arial, sans-serif;\">Be DyFay`s Flash<\/span><\/p>\n<p lang=\"fi-FI\"><span style=\"font-family: Arial, sans-serif;\">SF04242\/90 B2<\/span><\/p>\n<\/td>\n<\/tr>\n<\/tbody>\n<\/table>\n<p lang=\"fi-FI\">\n<p lang=\"fi-FI\">\n","protected":false},"excerpt":{"rendered":"<p>MOORFAIRY`S MUST BE MYSTERY \u201c LORDI\u201d syntynyt 6.4.2006 Huonot lonkat C\/D, Kyyn\u00e4r\u00e4t 0\/0 Clad vapaa Omistaja: Pirjo Lassila &amp; JP Hinkkanen Kasvattaja: Paula Karila Lordi on Albertin poika. Yhdistelm\u00e4 on mielenkiintoinen, koska Lordin em\u00e4 Gemway`s Birdie Baby eli Peppi on puoleksi niin sanottu k\u00e4ytt\u00f6linjalainen. Pepin takaa l\u00f6ytyy Marin FIN MVA koira BeDyFay`s Fay sek\u00e4 is\u00e4n [&hellip;]<\/p>\n","protected":false},"author":1,"featured_media":0,"parent":22,"menu_order":0,"comment_status":"closed","ping_status":"closed","template":"","meta":{"footnotes":""},"class_list":["post-129","page","type-page","status-publish","hentry"],"_links":{"self":[{"href":"https:\/\/redlovehunters.net\/index.php?rest_route=\/wp\/v2\/pages\/129","targetHints":{"allow":["GET"]}}],"collection":[{"href":"https:\/\/redlovehunters.net\/index.php?rest_route=\/wp\/v2\/pages"}],"about":[{"href":"https:\/\/redlovehunters.net\/index.php?rest_route=\/wp\/v2\/types\/page"}],"author":[{"embeddable":true,"href":"https:\/\/redlovehunters.net\/index.php?rest_route=\/wp\/v2\/users\/1"}],"replies":[{"embeddable":true,"href":"https:\/\/redlovehunters.net\/index.php?rest_route=%2Fwp%2Fv2%2Fcomments&post=129"}],"version-history":[{"count":1,"href":"https:\/\/redlovehunters.net\/index.php?rest_route=\/wp\/v2\/pages\/129\/revisions"}],"predecessor-version":[{"id":130,"href":"https:\/\/redlovehunters.net\/index.php?rest_route=\/wp\/v2\/pages\/129\/revisions\/130"}],"up":[{"embeddable":true,"href":"https:\/\/redlovehunters.net\/index.php?rest_route=\/wp\/v2\/pages\/22"}],"wp:attachment":[{"href":"https:\/\/redlovehunters.net\/index.php?rest_route=%2Fwp%2Fv2%2Fmedia&parent=129"}],"curies":[{"name":"wp","href":"https:\/\/api.w.org\/{rel}","templated":true}]}}