{"id":134,"date":"2012-05-07T06:48:35","date_gmt":"2012-05-07T06:48:35","guid":{"rendered":"http:\/\/redlovehunters.net\/?page_id=134"},"modified":"2014-05-31T16:49:10","modified_gmt":"2014-05-31T16:49:10","slug":"134-2","status":"publish","type":"page","link":"https:\/\/redlovehunters.net\/?page_id=134","title":{"rendered":"Red Lovehunter&#8217;s Bella Bambino, Mila"},"content":{"rendered":"<p lang=\"fi-FI\"><span style=\"font-family: Arial, sans-serif;\"><strong>Red Lovehunter`s Bella Bambino, Mila\u00a0<\/strong><\/span><\/p>\n<p lang=\"fi-FI\"><em><strong><span style=\"color: #000000;\">C-pentujen em\u00e4. Koira on j\u00e4tt\u00e4nyt kivaa rakennetta ja temperamenttist\u00e4, tyypillist\u00e4 setterin luonnetta. Lonkkatuloksissa hieman huonompaa perim\u00e4\u00e4 kuin itse on. Pentuja kuvattu 6. Uroksilla B;n lonkat, nartuilla B;t\u00e4 ja C;t\u00e4. Omistaja Pirjo Hinkkanen.<\/span><\/strong><\/em><\/p>\n<p lang=\"fi-FI\"><span style=\"font-family: Arial, sans-serif;\"><strong>Mila<\/strong>, A\/A lonkat, 0 kyyn\u00e4r\u00e4t, Clad-vapaa \u00a0silm\u00e4t tutkittu terveiksi, PRArcd4 terve ja koira on muutenkin kaikinpuolin terve. Ei allergioita. N\u00e4yttelyist\u00e4 3x serti\u00e4, Rop ja VSP-sijoituksia.<\/span><\/p>\n<table width=\"688\" cellspacing=\"0\" cellpadding=\"7\">\n<colgroup>\n<col width=\"305\" \/>\n<col width=\"349\" \/> <\/colgroup>\n<tbody>\n<tr>\n<td colspan=\"2\" valign=\"TOP\" bgcolor=\"#d9d9d9\" width=\"668\" height=\"107\">\n<p lang=\"sv-SE\" align=\"LEFT\"><a name=\"Main7\"><\/a><span style=\"font-family: Arial, sans-serif;\">Is\u00e4n sukutaulu<\/span><\/p>\n<p lang=\"fi-FI\" align=\"LEFT\"><a name=\"ContentArea7\"><\/a> <span style=\"font-size: x-small;\">FIN28188\/02<\/span><br \/>\nRED FELLOW&#8217;S THE IRISH CHAP<\/p>\n<p lang=\"sv-SE\" align=\"LEFT\">\n<\/td>\n<\/tr>\n<tr valign=\"TOP\">\n<td rowspan=\"2\" width=\"305\" height=\"66\">\n<p lang=\"en-GB\" align=\"LEFT\"><a name=\"Main1\"><\/a><\/p>\n<p lang=\"fi-FI\" align=\"LEFT\"><a name=\"ContentArea1\"><\/a> <span style=\"font-size: x-small;\">SF40746\/93<\/span><br \/>\nFRINAN HURRICANE<\/p>\n<p lang=\"en-GB\" align=\"LEFT\">\n<\/td>\n<td width=\"349\">\n<p lang=\"fi-FI\" align=\"LEFT\"><a name=\"Main3\"><\/a><\/p>\n<p lang=\"fi-FI\" align=\"LEFT\"><a name=\"ContentArea3\"><\/a> <span style=\"font-size: x-small;\">SF03745\/92<\/span><br \/>\n<span style=\"font-size: x-small;\">EEV-96<\/span> CLONAGEERA SHADOW<\/p>\n<p lang=\"fi-FI\" align=\"LEFT\">\n<\/td>\n<\/tr>\n<tr valign=\"TOP\">\n<td width=\"349\">\n<p lang=\"en-GB\" align=\"LEFT\"><a name=\"Main4\"><\/a><\/p>\n<p lang=\"fi-FI\" align=\"LEFT\"><a name=\"ContentArea4\"><\/a> <span style=\"font-size: x-small;\">S66469\/90<\/span><br \/>\nTACTIC&#8217;S MAGIC MEMORY<\/p>\n<p lang=\"en-GB\" align=\"LEFT\">\n<\/td>\n<\/tr>\n<tr valign=\"TOP\">\n<td rowspan=\"2\" width=\"305\" height=\"35\">\n<p lang=\"en-GB\" align=\"LEFT\"><a name=\"Main2\"><\/a><\/p>\n<p lang=\"fi-FI\" align=\"LEFT\"><a name=\"ContentArea2\"><\/a> <span style=\"font-size: x-small;\">FIN24903\/99<\/span><br \/>\nRED FELLOW&#8217;S PEARL OF MINE<\/p>\n<p lang=\"en-GB\" align=\"LEFT\">\n<\/td>\n<td width=\"349\">\n<p lang=\"en-GB\" align=\"LEFT\"><a name=\"Main5\"><\/a><\/p>\n<p lang=\"fi-FI\" align=\"LEFT\"><a name=\"ContentArea5\"><\/a> <span style=\"font-size: x-small;\">SF18916\/94<\/span><br \/>\n<span style=\"font-size: x-small;\">EEV-94 EEV-95<\/span> LORIENS JOHNNIE WALKER RED<\/p>\n<p lang=\"en-GB\" align=\"LEFT\">\n<\/td>\n<\/tr>\n<tr valign=\"TOP\">\n<td width=\"349\">\n<p lang=\"en-GB\" align=\"LEFT\"><a name=\"Main6\"><\/a><\/p>\n<p lang=\"fi-FI\" align=\"LEFT\"><a name=\"ContentArea6\"><\/a> <span style=\"font-size: x-small;\">FIN22798\/97<\/span><br \/>\nRED FELLOW&#8217;S NORTHERN SUN<\/p>\n<p lang=\"en-GB\" align=\"LEFT\">\n<\/td>\n<\/tr>\n<tr>\n<td colspan=\"2\" valign=\"TOP\" bgcolor=\"#d9d9d9\" width=\"668\" height=\"44\">\n<p lang=\"en-GB\" align=\"LEFT\"><span style=\"font-family: Arial, sans-serif;\">Em\u00e4n sukutaulu<\/span><\/p>\n<p lang=\"fi-FI\" align=\"LEFT\"><span style=\"font-size: x-small;\">FIN32621\/04<\/span><br \/>\nRED LOVEHUNTERS ANASTACIA<\/p>\n<p lang=\"en-GB\" align=\"LEFT\">\n<\/td>\n<\/tr>\n<tr valign=\"TOP\">\n<td rowspan=\"2\" width=\"305\" height=\"35\">\n<p lang=\"en-GB\" align=\"LEFT\"><a name=\"Main\"><\/a><\/p>\n<p lang=\"fi-FI\" align=\"LEFT\"><a name=\"ContentArea\"><\/a> <span style=\"font-size: x-small;\">FIN41832\/98<\/span><br \/>\nKALUTARA DIAMOND<\/p>\n<p lang=\"en-GB\" align=\"LEFT\">\n<\/td>\n<td width=\"349\">\n<p lang=\"en-GB\" align=\"LEFT\"><a name=\"Main9\"><\/a><\/p>\n<p lang=\"fi-FI\" align=\"LEFT\"><a name=\"ContentArea9\"><\/a> <span style=\"font-size: x-small;\">KCSB4527CE<\/span><br \/>\n<span style=\"font-size: x-small;\">GB SH CH<\/span> TATTERSLEE SPECIAL EFFECT<\/p>\n<p lang=\"en-GB\" align=\"LEFT\">\n<\/td>\n<\/tr>\n<tr valign=\"TOP\">\n<td width=\"349\">\n<p lang=\"en-GB\" align=\"LEFT\"><a name=\"Main10\"><\/a><\/p>\n<p lang=\"fi-FI\" align=\"LEFT\"><a name=\"ContentArea10\"><\/a> <span style=\"font-size: x-small;\">KCV1390105V02<\/span><br \/>\nTATTERSLEE DUCHESS<\/p>\n<p lang=\"en-GB\" align=\"LEFT\">\n<\/td>\n<\/tr>\n<tr valign=\"TOP\">\n<td rowspan=\"2\" width=\"305\" height=\"32\">\n<p lang=\"en-GB\" align=\"LEFT\"><a name=\"Main8\"><\/a><\/p>\n<p lang=\"fi-FI\" align=\"LEFT\"><a name=\"ContentArea8\"><\/a> <span style=\"font-size: x-small;\">FIN26917\/98<\/span><br \/>\nREDGAZELLE ALL YOU NEED<\/p>\n<p lang=\"en-GB\" align=\"LEFT\">\n<\/td>\n<td width=\"349\">\n<p lang=\"fi-FI\" align=\"LEFT\"><a name=\"Main11\"><\/a><\/p>\n<p lang=\"fi-FI\" align=\"LEFT\"><a name=\"ContentArea11\"><\/a> <span style=\"font-size: x-small;\">FIN26562\/96<\/span><br \/>\nDANAWAY ROCK-A-FELLA<\/p>\n<p lang=\"fi-FI\" align=\"LEFT\">\n<\/td>\n<\/tr>\n<tr valign=\"TOP\">\n<td width=\"349\">\n<p lang=\"fi-FI\" align=\"LEFT\"><a name=\"Main12\"><\/a><\/p>\n<p lang=\"fi-FI\"><a name=\"ContentArea12\"><\/a><span style=\"font-size: x-small;\">FIN14869\/95<\/span><br \/>\nFRINAN IRISH SNOWQUEEN<\/p>\n<p lang=\"fi-FI\" align=\"LEFT\">\n<\/td>\n<\/tr>\n<\/tbody>\n<\/table>\n<p lang=\"fi-FI\">\n","protected":false},"excerpt":{"rendered":"<p>Red Lovehunter`s Bella Bambino, Mila\u00a0 C-pentujen em\u00e4. Koira on j\u00e4tt\u00e4nyt kivaa rakennetta ja temperamenttist\u00e4, tyypillist\u00e4 setterin luonnetta. Lonkkatuloksissa hieman huonompaa perim\u00e4\u00e4 kuin itse on. Pentuja kuvattu 6. Uroksilla B;n lonkat, nartuilla B;t\u00e4 ja C;t\u00e4. Omistaja Pirjo Hinkkanen. Mila, A\/A lonkat, 0 kyyn\u00e4r\u00e4t, Clad-vapaa \u00a0silm\u00e4t tutkittu terveiksi, PRArcd4 terve ja koira on muutenkin kaikinpuolin terve. Ei [&hellip;]<\/p>\n","protected":false},"author":1,"featured_media":0,"parent":22,"menu_order":0,"comment_status":"closed","ping_status":"closed","template":"","meta":{"footnotes":""},"class_list":["post-134","page","type-page","status-publish","hentry"],"_links":{"self":[{"href":"https:\/\/redlovehunters.net\/index.php?rest_route=\/wp\/v2\/pages\/134","targetHints":{"allow":["GET"]}}],"collection":[{"href":"https:\/\/redlovehunters.net\/index.php?rest_route=\/wp\/v2\/pages"}],"about":[{"href":"https:\/\/redlovehunters.net\/index.php?rest_route=\/wp\/v2\/types\/page"}],"author":[{"embeddable":true,"href":"https:\/\/redlovehunters.net\/index.php?rest_route=\/wp\/v2\/users\/1"}],"replies":[{"embeddable":true,"href":"https:\/\/redlovehunters.net\/index.php?rest_route=%2Fwp%2Fv2%2Fcomments&post=134"}],"version-history":[{"count":10,"href":"https:\/\/redlovehunters.net\/index.php?rest_route=\/wp\/v2\/pages\/134\/revisions"}],"predecessor-version":[{"id":543,"href":"https:\/\/redlovehunters.net\/index.php?rest_route=\/wp\/v2\/pages\/134\/revisions\/543"}],"up":[{"embeddable":true,"href":"https:\/\/redlovehunters.net\/index.php?rest_route=\/wp\/v2\/pages\/22"}],"wp:attachment":[{"href":"https:\/\/redlovehunters.net\/index.php?rest_route=%2Fwp%2Fv2%2Fmedia&parent=134"}],"curies":[{"name":"wp","href":"https:\/\/api.w.org\/{rel}","templated":true}]}}