{"id":287,"date":"2013-04-15T20:52:35","date_gmt":"2013-04-15T20:52:35","guid":{"rendered":"http:\/\/redlovehunters.net\/?page_id=287"},"modified":"2013-04-15T20:58:46","modified_gmt":"2013-04-15T20:58:46","slug":"b-pennut-s-1-7-2008-5-u-2-n","status":"publish","type":"page","link":"https:\/\/redlovehunters.net\/?page_id=287","title":{"rendered":"B-pennut: s. 1.7.2008, 5 u. + 2 n."},"content":{"rendered":"<p>Lis\u00e4tietoja pennuista saa Kennelliiton jalostustietoj\u00e4rjestelm\u00e4st\u00e4.<\/p>\n<div><\/div>\n","protected":false},"excerpt":{"rendered":"<p>Lis\u00e4tietoja pennuista saa Kennelliiton jalostustietoj\u00e4rjestelm\u00e4st\u00e4.<\/p>\n","protected":false},"author":1,"featured_media":0,"parent":4,"menu_order":0,"comment_status":"closed","ping_status":"open","template":"","meta":{"footnotes":""},"class_list":["post-287","page","type-page","status-publish","hentry"],"_links":{"self":[{"href":"https:\/\/redlovehunters.net\/index.php?rest_route=\/wp\/v2\/pages\/287","targetHints":{"allow":["GET"]}}],"collection":[{"href":"https:\/\/redlovehunters.net\/index.php?rest_route=\/wp\/v2\/pages"}],"about":[{"href":"https:\/\/redlovehunters.net\/index.php?rest_route=\/wp\/v2\/types\/page"}],"author":[{"embeddable":true,"href":"https:\/\/redlovehunters.net\/index.php?rest_route=\/wp\/v2\/users\/1"}],"replies":[{"embeddable":true,"href":"https:\/\/redlovehunters.net\/index.php?rest_route=%2Fwp%2Fv2%2Fcomments&post=287"}],"version-history":[{"count":2,"href":"https:\/\/redlovehunters.net\/index.php?rest_route=\/wp\/v2\/pages\/287\/revisions"}],"predecessor-version":[{"id":300,"href":"https:\/\/redlovehunters.net\/index.php?rest_route=\/wp\/v2\/pages\/287\/revisions\/300"}],"up":[{"embeddable":true,"href":"https:\/\/redlovehunters.net\/index.php?rest_route=\/wp\/v2\/pages\/4"}],"wp:attachment":[{"href":"https:\/\/redlovehunters.net\/index.php?rest_route=%2Fwp%2Fv2%2Fmedia&parent=287"}],"curies":[{"name":"wp","href":"https:\/\/api.w.org\/{rel}","templated":true}]}}